{"id":7533,"date":"2025-11-24T19:07:20","date_gmt":"2025-11-24T19:07:20","guid":{"rendered":"https:\/\/molinosgemso.com\/?post_type=product&#038;p=7533"},"modified":"2025-11-24T19:07:20","modified_gmt":"2025-11-24T19:07:20","slug":"medias-noches-la-fama","status":"publish","type":"product","link":"https:\/\/molinosgemso.com\/index.php\/product\/medias-noches-la-fama\/","title":{"rendered":"Medias Noches La Fama"},"content":{"rendered":"<p>Harina de pan para elaborar el cl\u00e1sico hotdog suave y esponjoso, con una textura agradable al morderlo. Nuestros ingredientes proporcionan energ\u00eda y nutrientes esenciales, como carbohidratos y prote\u00ednas, que son necesarios para una dieta equilibrada.<\/p>\n","protected":false},"excerpt":{"rendered":"<p>Harina de pan para elaborar el cl\u00e1sico hotdog suave y esponjoso, con una textura agradable al morderlo. Nuestros ingredientes proporcionan energ\u00eda y nutrientes esenciales, como carbohidratos y prote\u00ednas, que son necesarios para una dieta equilibrada.<\/p>\n<p>Especial para: Medias Noches<\/p>\n<p>Presentaci\u00f3n: 25kg<\/p>\n<p>Alergenos: Contiene Gluten de Trigo, Leche, Amarillo 5 y 6. Este producto es elaborado en equipos donde se manipula Sulfitos, Huevo, Soya, pudiendo contener trazas de \u00e9stos.<\/p>\n","protected":false},"featured_media":7534,"comment_status":"open","ping_status":"closed","template":"","meta":{"_joinchat":[]},"etheme_brands":[],"product_brand":[],"product_cat":[169],"product_tag":[],"class_list":{"0":"post-7533","1":"product","2":"type-product","3":"status-publish","4":"has-post-thumbnail","6":"product_cat-pan-de-temporada","8":"first","9":"instock","10":"shipping-taxable","11":"product-type-simple"},"_links":{"self":[{"href":"https:\/\/molinosgemso.com\/index.php\/wp-json\/wp\/v2\/product\/7533"}],"collection":[{"href":"https:\/\/molinosgemso.com\/index.php\/wp-json\/wp\/v2\/product"}],"about":[{"href":"https:\/\/molinosgemso.com\/index.php\/wp-json\/wp\/v2\/types\/product"}],"replies":[{"embeddable":true,"href":"https:\/\/molinosgemso.com\/index.php\/wp-json\/wp\/v2\/comments?post=7533"}],"version-history":[{"count":1,"href":"https:\/\/molinosgemso.com\/index.php\/wp-json\/wp\/v2\/product\/7533\/revisions"}],"predecessor-version":[{"id":7535,"href":"https:\/\/molinosgemso.com\/index.php\/wp-json\/wp\/v2\/product\/7533\/revisions\/7535"}],"wp:featuredmedia":[{"embeddable":true,"href":"https:\/\/molinosgemso.com\/index.php\/wp-json\/wp\/v2\/media\/7534"}],"wp:attachment":[{"href":"https:\/\/molinosgemso.com\/index.php\/wp-json\/wp\/v2\/media?parent=7533"}],"wp:term":[{"taxonomy":"brand","embeddable":true,"href":"https:\/\/molinosgemso.com\/index.php\/wp-json\/wp\/v2\/etheme_brands?post=7533"},{"taxonomy":"product_brand","embeddable":true,"href":"https:\/\/molinosgemso.com\/index.php\/wp-json\/wp\/v2\/product_brand?post=7533"},{"taxonomy":"product_cat","embeddable":true,"href":"https:\/\/molinosgemso.com\/index.php\/wp-json\/wp\/v2\/product_cat?post=7533"},{"taxonomy":"product_tag","embeddable":true,"href":"https:\/\/molinosgemso.com\/index.php\/wp-json\/wp\/v2\/product_tag?post=7533"}],"curies":[{"name":"wp","href":"https:\/\/api.w.org\/{rel}","templated":true}]}}