{"id":7505,"date":"2025-11-24T18:21:59","date_gmt":"2025-11-24T18:21:59","guid":{"rendered":"https:\/\/molinosgemso.com\/?post_type=product&#038;p=7505"},"modified":"2026-01-19T23:10:31","modified_gmt":"2026-01-19T23:10:31","slug":"la-fama-pizza","status":"publish","type":"product","link":"https:\/\/molinosgemso.com\/index.php\/product\/la-fama-pizza\/","title":{"rendered":"La Fama Pizza"},"content":{"rendered":"<p>Deliciosa y f\u00e1cil de moldear, nuestra masa es la favorita de franquicias a nivel nacional, adapt\u00e1ndose a cada estilo: New York, Americana, Chicago, Italiana tipo N\u00e1poles, Media Masa y a la Piedra.<\/p>\n","protected":false},"excerpt":{"rendered":"<p>Deliciosa y f\u00e1cil de moldear, nuestra masa es la favorita de franquicias a nivel nacional, adapt\u00e1ndose a cada estilo: New York, Americana, Chicago, Italiana tipo N\u00e1poles, Media Masa y a la Piedra.<\/p>\n<p>Especial para: Pizza<\/p>\n<p>Presentaci\u00f3n: 25kg<\/p>\n<p>Alergenos: Contiene: gluten (trigo).<br \/>\nPuede contener trazas de: leche, huevo, soya y tartrazina.<\/p>\n","protected":false},"featured_media":7671,"comment_status":"open","ping_status":"closed","template":"","meta":{"_joinchat":[]},"etheme_brands":[],"product_brand":[],"product_cat":[159],"product_tag":[],"class_list":{"0":"post-7505","1":"product","2":"type-product","3":"status-publish","4":"has-post-thumbnail","6":"product_cat-pan","8":"first","9":"instock","10":"shipping-taxable","11":"product-type-simple"},"_links":{"self":[{"href":"https:\/\/molinosgemso.com\/index.php\/wp-json\/wp\/v2\/product\/7505"}],"collection":[{"href":"https:\/\/molinosgemso.com\/index.php\/wp-json\/wp\/v2\/product"}],"about":[{"href":"https:\/\/molinosgemso.com\/index.php\/wp-json\/wp\/v2\/types\/product"}],"replies":[{"embeddable":true,"href":"https:\/\/molinosgemso.com\/index.php\/wp-json\/wp\/v2\/comments?post=7505"}],"version-history":[{"count":1,"href":"https:\/\/molinosgemso.com\/index.php\/wp-json\/wp\/v2\/product\/7505\/revisions"}],"predecessor-version":[{"id":7507,"href":"https:\/\/molinosgemso.com\/index.php\/wp-json\/wp\/v2\/product\/7505\/revisions\/7507"}],"wp:featuredmedia":[{"embeddable":true,"href":"https:\/\/molinosgemso.com\/index.php\/wp-json\/wp\/v2\/media\/7671"}],"wp:attachment":[{"href":"https:\/\/molinosgemso.com\/index.php\/wp-json\/wp\/v2\/media?parent=7505"}],"wp:term":[{"taxonomy":"brand","embeddable":true,"href":"https:\/\/molinosgemso.com\/index.php\/wp-json\/wp\/v2\/etheme_brands?post=7505"},{"taxonomy":"product_brand","embeddable":true,"href":"https:\/\/molinosgemso.com\/index.php\/wp-json\/wp\/v2\/product_brand?post=7505"},{"taxonomy":"product_cat","embeddable":true,"href":"https:\/\/molinosgemso.com\/index.php\/wp-json\/wp\/v2\/product_cat?post=7505"},{"taxonomy":"product_tag","embeddable":true,"href":"https:\/\/molinosgemso.com\/index.php\/wp-json\/wp\/v2\/product_tag?post=7505"}],"curies":[{"name":"wp","href":"https:\/\/api.w.org\/{rel}","templated":true}]}}