{"id":7481,"date":"2025-11-24T17:11:40","date_gmt":"2025-11-24T17:11:40","guid":{"rendered":"https:\/\/molinosgemso.com\/?post_type=product&#038;p=7481"},"modified":"2026-01-19T23:09:23","modified_gmt":"2026-01-19T23:09:23","slug":"la-fama-pan-danes","status":"publish","type":"product","link":"https:\/\/molinosgemso.com\/index.php\/product\/la-fama-pan-danes\/","title":{"rendered":"La Fama Pan Dan\u00e9s"},"content":{"rendered":"<p>Muy apreciada por su f\u00e1cil elaboraci\u00f3n, esponjosidad y buena vida en anaquel, ofrece el sabor aut\u00e9ntico del pan dulce mexicano que encanta a los clientes y destaca en el mercado.<\/p>\n","protected":false},"excerpt":{"rendered":"<p>Muy apreciada por su f\u00e1cil elaboraci\u00f3n, esponjosidad y buena vida en anaquel, ofrece el sabor aut\u00e9ntico del pan dulce mexicano que encanta a los clientes y destaca en el mercado.<\/p>\n<p>Especial para: Pan Dan\u00e9s<\/p>\n<p>Presentaci\u00f3n: 25kg<\/p>\n<p>Alergenos: Contiene Trigo y Leche.<br \/>\nEste producto es elaborado en equipos donde se manipula Amarillo 5 y Sulfitos, Huevo, Soya, Leche, pudiendo contener trazas de \u00e9stos<\/p>\n","protected":false},"featured_media":7668,"comment_status":"open","ping_status":"closed","template":"","meta":{"_joinchat":[]},"etheme_brands":[],"product_brand":[],"product_cat":[159],"product_tag":[],"class_list":{"0":"post-7481","1":"product","2":"type-product","3":"status-publish","4":"has-post-thumbnail","6":"product_cat-pan","8":"first","9":"instock","10":"shipping-taxable","11":"product-type-simple"},"_links":{"self":[{"href":"https:\/\/molinosgemso.com\/index.php\/wp-json\/wp\/v2\/product\/7481"}],"collection":[{"href":"https:\/\/molinosgemso.com\/index.php\/wp-json\/wp\/v2\/product"}],"about":[{"href":"https:\/\/molinosgemso.com\/index.php\/wp-json\/wp\/v2\/types\/product"}],"replies":[{"embeddable":true,"href":"https:\/\/molinosgemso.com\/index.php\/wp-json\/wp\/v2\/comments?post=7481"}],"version-history":[{"count":1,"href":"https:\/\/molinosgemso.com\/index.php\/wp-json\/wp\/v2\/product\/7481\/revisions"}],"predecessor-version":[{"id":7483,"href":"https:\/\/molinosgemso.com\/index.php\/wp-json\/wp\/v2\/product\/7481\/revisions\/7483"}],"wp:featuredmedia":[{"embeddable":true,"href":"https:\/\/molinosgemso.com\/index.php\/wp-json\/wp\/v2\/media\/7668"}],"wp:attachment":[{"href":"https:\/\/molinosgemso.com\/index.php\/wp-json\/wp\/v2\/media?parent=7481"}],"wp:term":[{"taxonomy":"brand","embeddable":true,"href":"https:\/\/molinosgemso.com\/index.php\/wp-json\/wp\/v2\/etheme_brands?post=7481"},{"taxonomy":"product_brand","embeddable":true,"href":"https:\/\/molinosgemso.com\/index.php\/wp-json\/wp\/v2\/product_brand?post=7481"},{"taxonomy":"product_cat","embeddable":true,"href":"https:\/\/molinosgemso.com\/index.php\/wp-json\/wp\/v2\/product_cat?post=7481"},{"taxonomy":"product_tag","embeddable":true,"href":"https:\/\/molinosgemso.com\/index.php\/wp-json\/wp\/v2\/product_tag?post=7481"}],"curies":[{"name":"wp","href":"https:\/\/api.w.org\/{rel}","templated":true}]}}