{"id":7475,"date":"2025-11-24T17:02:50","date_gmt":"2025-11-24T17:02:50","guid":{"rendered":"https:\/\/molinosgemso.com\/?post_type=product&#038;p=7475"},"modified":"2026-01-19T23:12:13","modified_gmt":"2026-01-19T23:12:13","slug":"la-fama-virginia","status":"publish","type":"product","link":"https:\/\/molinosgemso.com\/index.php\/product\/la-fama-virginia\/","title":{"rendered":"La Fama Virginia"},"content":{"rendered":"<p>Un pan tradicional que no puede faltar: perfecto para acompa\u00f1ar las cenas familiares o disfrutar con todo tipo de rellenos, desde los dulces m\u00e1s antojados hasta las cl\u00e1sicas y deliciosas tortas.<\/p>\n","protected":false},"excerpt":{"rendered":"<p>Un pan tradicional que no puede faltar: perfecto para acompa\u00f1ar las cenas familiares o disfrutar con todo tipo de rellenos, desde los dulces m\u00e1s antojados hasta las cl\u00e1sicas y deliciosas tortas.<\/p>\n<p>Especial para: Hamburguesa<\/p>\n<p>Presentaci\u00f3n: 25kg<\/p>\n<p>Alergenos: Contiene Gluten de Trigo,<br \/>\nEste producto es elaborado en equipos donde se<br \/>\nmanipula Sulfitos, Huevo, Soya, Leche, Amarillo 5 y 6, pudiendo contener trazas de \u00e9stos.<\/p>\n","protected":false},"featured_media":7672,"comment_status":"open","ping_status":"closed","template":"","meta":{"_joinchat":[]},"etheme_brands":[],"product_brand":[],"product_cat":[159],"product_tag":[],"class_list":{"0":"post-7475","1":"product","2":"type-product","3":"status-publish","4":"has-post-thumbnail","6":"product_cat-pan","8":"first","9":"instock","10":"shipping-taxable","11":"product-type-simple"},"_links":{"self":[{"href":"https:\/\/molinosgemso.com\/index.php\/wp-json\/wp\/v2\/product\/7475"}],"collection":[{"href":"https:\/\/molinosgemso.com\/index.php\/wp-json\/wp\/v2\/product"}],"about":[{"href":"https:\/\/molinosgemso.com\/index.php\/wp-json\/wp\/v2\/types\/product"}],"replies":[{"embeddable":true,"href":"https:\/\/molinosgemso.com\/index.php\/wp-json\/wp\/v2\/comments?post=7475"}],"version-history":[{"count":1,"href":"https:\/\/molinosgemso.com\/index.php\/wp-json\/wp\/v2\/product\/7475\/revisions"}],"predecessor-version":[{"id":7477,"href":"https:\/\/molinosgemso.com\/index.php\/wp-json\/wp\/v2\/product\/7475\/revisions\/7477"}],"wp:featuredmedia":[{"embeddable":true,"href":"https:\/\/molinosgemso.com\/index.php\/wp-json\/wp\/v2\/media\/7672"}],"wp:attachment":[{"href":"https:\/\/molinosgemso.com\/index.php\/wp-json\/wp\/v2\/media?parent=7475"}],"wp:term":[{"taxonomy":"brand","embeddable":true,"href":"https:\/\/molinosgemso.com\/index.php\/wp-json\/wp\/v2\/etheme_brands?post=7475"},{"taxonomy":"product_brand","embeddable":true,"href":"https:\/\/molinosgemso.com\/index.php\/wp-json\/wp\/v2\/product_brand?post=7475"},{"taxonomy":"product_cat","embeddable":true,"href":"https:\/\/molinosgemso.com\/index.php\/wp-json\/wp\/v2\/product_cat?post=7475"},{"taxonomy":"product_tag","embeddable":true,"href":"https:\/\/molinosgemso.com\/index.php\/wp-json\/wp\/v2\/product_tag?post=7475"}],"curies":[{"name":"wp","href":"https:\/\/api.w.org\/{rel}","templated":true}]}}