{"id":7454,"date":"2025-11-22T00:28:45","date_gmt":"2025-11-22T00:28:45","guid":{"rendered":"https:\/\/molinosgemso.com\/?post_type=product&#038;p=7454"},"modified":"2026-01-19T23:33:03","modified_gmt":"2026-01-19T23:33:03","slug":"tres-rios-3","status":"publish","type":"product","link":"https:\/\/molinosgemso.com\/index.php\/product\/tres-rios-3\/","title":{"rendered":"Tres R\u00edos"},"content":{"rendered":"<p>Nuestra harina Tres R\u00edos es extra refinada para lograr una textura delicada y profesional en cada preparaci\u00f3n. Perfecta para reposteros y panaderos que buscan acabados finos y calidad superior en sus creaciones.<\/p>\n","protected":false},"excerpt":{"rendered":"<p>Nuestra harina Tres R\u00edos es extra refinada para lograr una textura delicada y profesional en cada preparaci\u00f3n. Perfecta para reposteros y panaderos que buscan acabados finos y calidad superior en sus creaciones.<\/p>\n<p>Especial para: Alta reposter\u00eda<\/p>\n<p>Presentaci\u00f3n: 25kg<\/p>\n<p>Alergenos: Contiene: Gluten (trigo).<\/p>\n","protected":false},"featured_media":7455,"comment_status":"open","ping_status":"closed","template":"","meta":{"_joinchat":[]},"etheme_brands":[],"product_brand":[],"product_cat":[200,165],"product_tag":[],"class_list":{"0":"post-7454","1":"product","2":"type-product","3":"status-publish","4":"has-post-thumbnail","6":"product_cat-repos","7":"product_cat-harina-blanca","9":"first","10":"instock","11":"shipping-taxable","12":"product-type-simple"},"_links":{"self":[{"href":"https:\/\/molinosgemso.com\/index.php\/wp-json\/wp\/v2\/product\/7454"}],"collection":[{"href":"https:\/\/molinosgemso.com\/index.php\/wp-json\/wp\/v2\/product"}],"about":[{"href":"https:\/\/molinosgemso.com\/index.php\/wp-json\/wp\/v2\/types\/product"}],"replies":[{"embeddable":true,"href":"https:\/\/molinosgemso.com\/index.php\/wp-json\/wp\/v2\/comments?post=7454"}],"version-history":[{"count":1,"href":"https:\/\/molinosgemso.com\/index.php\/wp-json\/wp\/v2\/product\/7454\/revisions"}],"predecessor-version":[{"id":7456,"href":"https:\/\/molinosgemso.com\/index.php\/wp-json\/wp\/v2\/product\/7454\/revisions\/7456"}],"wp:featuredmedia":[{"embeddable":true,"href":"https:\/\/molinosgemso.com\/index.php\/wp-json\/wp\/v2\/media\/7455"}],"wp:attachment":[{"href":"https:\/\/molinosgemso.com\/index.php\/wp-json\/wp\/v2\/media?parent=7454"}],"wp:term":[{"taxonomy":"brand","embeddable":true,"href":"https:\/\/molinosgemso.com\/index.php\/wp-json\/wp\/v2\/etheme_brands?post=7454"},{"taxonomy":"product_brand","embeddable":true,"href":"https:\/\/molinosgemso.com\/index.php\/wp-json\/wp\/v2\/product_brand?post=7454"},{"taxonomy":"product_cat","embeddable":true,"href":"https:\/\/molinosgemso.com\/index.php\/wp-json\/wp\/v2\/product_cat?post=7454"},{"taxonomy":"product_tag","embeddable":true,"href":"https:\/\/molinosgemso.com\/index.php\/wp-json\/wp\/v2\/product_tag?post=7454"}],"curies":[{"name":"wp","href":"https:\/\/api.w.org\/{rel}","templated":true}]}}