{"id":5699,"date":"2025-02-05T14:22:57","date_gmt":"2025-02-05T14:22:57","guid":{"rendered":"http:\/\/localhost\/gemso\/?page_id=5699"},"modified":"2026-01-22T23:27:30","modified_gmt":"2026-01-22T23:27:30","slug":"industrial","status":"publish","type":"page","link":"https:\/\/molinosgemso.com\/index.php\/industrial\/","title":{"rendered":"Industrial"},"content":{"rendered":"\t\t<div data-elementor-type=\"wp-page\" data-elementor-id=\"5699\" class=\"elementor elementor-5699\" data-elementor-post-type=\"page\">\n\t\t\t\t<div class=\"elementor-element elementor-element-186111f e-flex e-con-boxed e-con e-parent\" data-id=\"186111f\" data-element_type=\"container\" data-settings=\"{&quot;background_background&quot;:&quot;classic&quot;}\">\n\t\t\t\t\t<div class=\"e-con-inner\">\n\t\t<div class=\"elementor-element elementor-element-d8d6770 e-con-full e-flex e-con e-child\" data-id=\"d8d6770\" data-element_type=\"container\">\n\t\t\t\t<div class=\"elementor-element elementor-element-b58f40a elementor-widget elementor-widget-heading\" data-id=\"b58f40a\" data-element_type=\"widget\" data-widget_type=\"heading.default\">\n\t\t\t\t<div class=\"elementor-widget-container\">\n\t\t\t\t\t<h2 class=\"elementor-heading-title elementor-size-default\">Industrial<\/h2>\t\t\t\t<\/div>\n\t\t\t\t<\/div>\n\t\t\t\t<div class=\"elementor-element elementor-element-4533d6a elementor-widget elementor-widget-heading\" data-id=\"4533d6a\" data-element_type=\"widget\" data-widget_type=\"heading.default\">\n\t\t\t\t<div class=\"elementor-widget-container\">\n\t\t\t\t\t<h2 class=\"elementor-heading-title elementor-size-default\">Soluciones que potencian tu producci\u00f3n\n<\/h2>\t\t\t\t<\/div>\n\t\t\t\t<\/div>\n\t\t\t\t<\/div>\n\t\t\t\t\t<\/div>\n\t\t\t\t<\/div>\n\t\t\t\t<section class=\"elementor-section elementor-top-section elementor-element elementor-element-9edfb6c elementor-section-content-middle elementor-section-boxed elementor-section-height-default elementor-section-height-default elementor-invisible\" data-id=\"9edfb6c\" data-element_type=\"section\" data-settings=\"{&quot;animation&quot;:&quot;fadeInUp&quot;}\">\n\t\t\t\t\t\t<div class=\"elementor-container elementor-column-gap-no\">\n\t\t\t\t\t<div class=\"elementor-column elementor-col-50 elementor-top-column elementor-element elementor-element-cb05331\" data-id=\"cb05331\" data-element_type=\"column\">\n\t\t\t<div class=\"elementor-widget-wrap elementor-element-populated\">\n\t\t\t\t\t\t<div class=\"elementor-element elementor-element-a0f0429 elementor-widget elementor-widget-heading\" data-id=\"a0f0429\" data-element_type=\"widget\" data-widget_type=\"heading.default\">\n\t\t\t\t<div class=\"elementor-widget-container\">\n\t\t\t\t\t<h2 class=\"elementor-heading-title elementor-size-default\">Soluciones a Medida para la Industria<\/h2>\t\t\t\t<\/div>\n\t\t\t\t<\/div>\n\t\t\t\t<div class=\"elementor-element elementor-element-3f5ec88 elementor-widget elementor-widget-text-editor\" data-id=\"3f5ec88\" data-element_type=\"widget\" data-widget_type=\"text-editor.default\">\n\t\t\t\t<div class=\"elementor-widget-container\">\n\t\t\t\t\t\t\t\t\t<p>En Molinos GEMSO, entendemos que cada industria tiene sus particularidades y desaf\u00edos \u00fanicos. Por eso, nos dedicamos a ofrecer soluciones personalizadas que se alinean con tus requerimientos espec\u00edficos. Nuestro equipo de expertos trabaja de la mano contigo para identificar las mejores opciones que optimicen tus procesos productivos. Desde la selecci\u00f3n de materias primas hasta la entrega de productos finales, garantizamos que cada paso est\u00e9 dise\u00f1ado para maximizar tu eficiencia y calidad.<\/p>\t\t\t\t\t\t\t\t<\/div>\n\t\t\t\t<\/div>\n\t\t\t\t<div class=\"elementor-element elementor-element-d7ca99a elementor-align-left elementor-mobile-align-center elementor-widget elementor-widget-text_button\" data-id=\"d7ca99a\" data-element_type=\"widget\" data-widget_type=\"text_button.default\">\n\t\t\t\t<div class=\"elementor-widget-container\">\n\t\t\t\t\t<div class=\"etheme-button-wrapper\"><a href=\"https:\/\/molinosgemso.com\/index.php\/shop\/\" class=\"fill-bottom has-fill etheme-text-button elementor-button\" role=\"button\">\r\n        <span class=\"elementor-button-content-wrapper\">\r\n                        <span class=\"elementor-button-icon animation-background_ltr\">\r\n                <i aria-hidden=\"true\" class=\"et-icon et-grid-2-columns\"><\/i>            <\/span>\r\n        \r\n\t\t\t<span class=\"elementor-button-text\">\u00a1Conocer Productos!<\/span>\r\n\r\n            \r\n            \r\n        <\/span><\/a><\/div>\t\t\t\t<\/div>\n\t\t\t\t<\/div>\n\t\t\t\t\t<\/div>\n\t\t<\/div>\n\t\t\t\t<div class=\"elementor-column elementor-col-50 elementor-top-column elementor-element elementor-element-d60e578\" data-id=\"d60e578\" data-element_type=\"column\">\n\t\t\t<div class=\"elementor-widget-wrap elementor-element-populated\">\n\t\t\t\t\t\t<div class=\"elementor-element elementor-element-535ddc7 etheme-elementor-widget-loaded elementor-widget elementor-widget-image\" data-id=\"535ddc7\" data-element_type=\"widget\" data-widget_type=\"image.default\">\n\t\t\t\t<div class=\"elementor-widget-container\">\n\t\t\t\t\t\t\t\t\t\t\t\t\t\t\t<img loading=\"lazy\" loading=\"lazy\" decoding=\"async\" width=\"1000\" height=\"667\" src=\"https:\/\/molinosgemso.com\/wp-content\/uploads\/2025\/02\/filling-flour-into-the-kneader-at-the-bakery-2023-11-27-05-29-51-utc-1.jpg\" class=\"attachment-full size-full wp-image-5703\" alt=\"\" srcset=\"https:\/\/molinosgemso.com\/wp-content\/uploads\/2025\/02\/filling-flour-into-the-kneader-at-the-bakery-2023-11-27-05-29-51-utc-1.jpg 1000w, https:\/\/molinosgemso.com\/wp-content\/uploads\/2025\/02\/filling-flour-into-the-kneader-at-the-bakery-2023-11-27-05-29-51-utc-1-300x200.jpg 300w, https:\/\/molinosgemso.com\/wp-content\/uploads\/2025\/02\/filling-flour-into-the-kneader-at-the-bakery-2023-11-27-05-29-51-utc-1-768x512.jpg 768w, https:\/\/molinosgemso.com\/wp-content\/uploads\/2025\/02\/filling-flour-into-the-kneader-at-the-bakery-2023-11-27-05-29-51-utc-1-200x133.jpg 200w, https:\/\/molinosgemso.com\/wp-content\/uploads\/2025\/02\/filling-flour-into-the-kneader-at-the-bakery-2023-11-27-05-29-51-utc-1-600x400.jpg 600w, https:\/\/molinosgemso.com\/wp-content\/uploads\/2025\/02\/filling-flour-into-the-kneader-at-the-bakery-2023-11-27-05-29-51-utc-1-10x7.jpg 10w\" sizes=\"(max-width: 1000px) 100vw, 1000px\" \/>\t\t\t\t\t\t\t\t\t\t\t\t\t\t\t<\/div>\n\t\t\t\t<\/div>\n\t\t\t\t\t<\/div>\n\t\t<\/div>\n\t\t\t\t\t<\/div>\n\t\t<\/section>\n\t\t\t\t<section class=\"elementor-section elementor-top-section elementor-element elementor-element-318ca5d elementor-section-boxed elementor-section-height-default elementor-section-height-default elementor-invisible\" data-id=\"318ca5d\" data-element_type=\"section\" data-settings=\"{&quot;animation&quot;:&quot;fadeInUp&quot;}\">\n\t\t\t\t\t\t<div class=\"elementor-container elementor-column-gap-no\">\n\t\t\t\t\t<div class=\"elementor-column elementor-col-50 elementor-top-column elementor-element elementor-element-da5ab62\" data-id=\"da5ab62\" data-element_type=\"column\" data-settings=\"{&quot;background_background&quot;:&quot;classic&quot;}\">\n\t\t\t<div class=\"elementor-widget-wrap elementor-element-populated\">\n\t\t\t\t\t\t<section class=\"elementor-section elementor-inner-section elementor-element elementor-element-8127933 elementor-section-boxed elementor-section-height-default elementor-section-height-default\" data-id=\"8127933\" data-element_type=\"section\">\n\t\t\t\t\t\t<div class=\"elementor-container elementor-column-gap-default\">\n\t\t\t\t\t<div class=\"elementor-column elementor-col-50 elementor-inner-column elementor-element elementor-element-95f985e elementor-hidden-tablet elementor-hidden-phone\" data-id=\"95f985e\" data-element_type=\"column\">\n\t\t\t<div class=\"elementor-widget-wrap\">\n\t\t\t\t\t\t\t<\/div>\n\t\t<\/div>\n\t\t\t\t<div class=\"elementor-column elementor-col-50 elementor-inner-column elementor-element elementor-element-a76fbba\" data-id=\"a76fbba\" data-element_type=\"column\">\n\t\t\t<div class=\"elementor-widget-wrap elementor-element-populated\">\n\t\t\t\t\t\t<div class=\"elementor-element elementor-element-dceabc9 elementor-widget elementor-widget-heading\" data-id=\"dceabc9\" data-element_type=\"widget\" data-widget_type=\"heading.default\">\n\t\t\t\t<div class=\"elementor-widget-container\">\n\t\t\t\t\t<h2 class=\"elementor-heading-title elementor-size-default\">Soluciones Personalizadas<\/h2>\t\t\t\t<\/div>\n\t\t\t\t<\/div>\n\t\t\t\t<div class=\"elementor-element elementor-element-67c0a16 elementor-widget elementor-widget-text-editor\" data-id=\"67c0a16\" data-element_type=\"widget\" data-widget_type=\"text-editor.default\">\n\t\t\t\t<div class=\"elementor-widget-container\">\n\t\t\t\t\t\t\t\t\t<p>Adaptamos nuestros productos a las necesidades espec\u00edficas de tu industria. Agilizamos la cotizaci\u00f3n y entrega para que no pierdas tiempo en tu producci\u00f3n.<\/p>\t\t\t\t\t\t\t\t<\/div>\n\t\t\t\t<\/div>\n\t\t\t\t\t<\/div>\n\t\t<\/div>\n\t\t\t\t\t<\/div>\n\t\t<\/section>\n\t\t\t\t\t<\/div>\n\t\t<\/div>\n\t\t\t\t<div class=\"elementor-column elementor-col-50 elementor-top-column elementor-element elementor-element-5b6e108\" data-id=\"5b6e108\" data-element_type=\"column\" data-settings=\"{&quot;background_background&quot;:&quot;classic&quot;}\">\n\t\t\t<div class=\"elementor-widget-wrap elementor-element-populated\">\n\t\t\t\t\t\t<section class=\"elementor-section elementor-inner-section elementor-element elementor-element-a8b6dea elementor-section-boxed elementor-section-height-default elementor-section-height-default\" data-id=\"a8b6dea\" data-element_type=\"section\">\n\t\t\t\t\t\t<div class=\"elementor-container elementor-column-gap-default\">\n\t\t\t\t\t<div class=\"elementor-column elementor-col-50 elementor-inner-column elementor-element elementor-element-12e4faa elementor-hidden-tablet elementor-hidden-phone\" data-id=\"12e4faa\" data-element_type=\"column\">\n\t\t\t<div class=\"elementor-widget-wrap\">\n\t\t\t\t\t\t\t<\/div>\n\t\t<\/div>\n\t\t\t\t<div class=\"elementor-column elementor-col-50 elementor-inner-column elementor-element elementor-element-5dd26de\" data-id=\"5dd26de\" data-element_type=\"column\">\n\t\t\t<div class=\"elementor-widget-wrap elementor-element-populated\">\n\t\t\t\t\t\t<div class=\"elementor-element elementor-element-b472ccc elementor-widget elementor-widget-heading\" data-id=\"b472ccc\" data-element_type=\"widget\" data-widget_type=\"heading.default\">\n\t\t\t\t<div class=\"elementor-widget-container\">\n\t\t\t\t\t<h2 class=\"elementor-heading-title elementor-size-default\">Asesor\u00eda Especializada<\/h2>\t\t\t\t<\/div>\n\t\t\t\t<\/div>\n\t\t\t\t<div class=\"elementor-element elementor-element-37f9995 elementor-widget elementor-widget-text-editor\" data-id=\"37f9995\" data-element_type=\"widget\" data-widget_type=\"text-editor.default\">\n\t\t\t\t<div class=\"elementor-widget-container\">\n\t\t\t\t\t\t\t\t\t<p>\u00a0Contamos con un equipo de expertos que te guiar\u00e1 en la selecci\u00f3n de los mejores insumos. Garantizamos la calidad y seguridad de nuestros productos para tu tranquilidad.<\/p>\t\t\t\t\t\t\t\t<\/div>\n\t\t\t\t<\/div>\n\t\t\t\t\t<\/div>\n\t\t<\/div>\n\t\t\t\t\t<\/div>\n\t\t<\/section>\n\t\t\t\t\t<\/div>\n\t\t<\/div>\n\t\t\t\t\t<\/div>\n\t\t<\/section>\n\t\t\t\t<section class=\"elementor-section elementor-top-section elementor-element elementor-element-a5b27b3 elementor-section-content-middle elementor-section-boxed elementor-section-height-default elementor-section-height-default elementor-invisible\" data-id=\"a5b27b3\" data-element_type=\"section\" data-settings=\"{&quot;animation&quot;:&quot;fadeInUp&quot;}\">\n\t\t\t\t\t\t<div class=\"elementor-container elementor-column-gap-no\">\n\t\t\t\t\t<div class=\"elementor-column elementor-col-50 elementor-top-column elementor-element elementor-element-4c55689\" data-id=\"4c55689\" data-element_type=\"column\">\n\t\t\t<div class=\"elementor-widget-wrap elementor-element-populated\">\n\t\t\t\t\t\t<div class=\"elementor-element elementor-element-1985bfa etheme-elementor-widget-loaded elementor-widget elementor-widget-image\" data-id=\"1985bfa\" data-element_type=\"widget\" data-widget_type=\"image.default\">\n\t\t\t\t<div class=\"elementor-widget-container\">\n\t\t\t\t\t\t\t\t\t\t\t\t\t\t\t<img loading=\"lazy\" loading=\"lazy\" decoding=\"async\" width=\"934\" height=\"1052\" src=\"https:\/\/molinosgemso.com\/wp-content\/uploads\/2026\/01\/Panadero-los-gallos-en-accion-portrait.png\" class=\"attachment-1536x1536 size-1536x1536 wp-image-7700\" alt=\"\" srcset=\"https:\/\/molinosgemso.com\/wp-content\/uploads\/2026\/01\/Panadero-los-gallos-en-accion-portrait.png 934w, https:\/\/molinosgemso.com\/wp-content\/uploads\/2026\/01\/Panadero-los-gallos-en-accion-portrait-266x300.png 266w, https:\/\/molinosgemso.com\/wp-content\/uploads\/2026\/01\/Panadero-los-gallos-en-accion-portrait-909x1024.png 909w, https:\/\/molinosgemso.com\/wp-content\/uploads\/2026\/01\/Panadero-los-gallos-en-accion-portrait-768x865.png 768w, https:\/\/molinosgemso.com\/wp-content\/uploads\/2026\/01\/Panadero-los-gallos-en-accion-portrait-200x225.png 200w, https:\/\/molinosgemso.com\/wp-content\/uploads\/2026\/01\/Panadero-los-gallos-en-accion-portrait-600x676.png 600w, https:\/\/molinosgemso.com\/wp-content\/uploads\/2026\/01\/Panadero-los-gallos-en-accion-portrait-10x10.png 10w\" sizes=\"(max-width: 934px) 100vw, 934px\" \/>\t\t\t\t\t\t\t\t\t\t\t\t\t\t\t<\/div>\n\t\t\t\t<\/div>\n\t\t\t\t\t<\/div>\n\t\t<\/div>\n\t\t\t\t<div class=\"elementor-column elementor-col-50 elementor-top-column elementor-element elementor-element-2c7546f\" data-id=\"2c7546f\" data-element_type=\"column\">\n\t\t\t<div class=\"elementor-widget-wrap elementor-element-populated\">\n\t\t\t\t\t\t<div class=\"elementor-element elementor-element-24aaf5f elementor-widget elementor-widget-heading\" data-id=\"24aaf5f\" data-element_type=\"widget\" data-widget_type=\"heading.default\">\n\t\t\t\t<div class=\"elementor-widget-container\">\n\t\t\t\t\t<h2 class=\"elementor-heading-title elementor-size-default\">Molinos GEMSO es una empresa mexicana con una rica historia <\/h2>\t\t\t\t<\/div>\n\t\t\t\t<\/div>\n\t\t\t\t<div class=\"elementor-element elementor-element-7655556 elementor-widget elementor-widget-text-editor\" data-id=\"7655556\" data-element_type=\"widget\" data-widget_type=\"text-editor.default\">\n\t\t\t\t<div class=\"elementor-widget-container\">\n\t\t\t\t\t\t\t\t\t<p>Fundada en 1935. Desde nuestros inicios, hemos estado comprometidos con la producci\u00f3n de harinas de la m\u00e1s alta calidad, utilizando los mejores granos y las tecnolog\u00edas m\u00e1s avanzadas. Nuestra trayectoria est\u00e1 marcada por hitos como la adquisici\u00f3n del Molino Hermosillense en 1937 y la expansi\u00f3n a Sinaloa en la d\u00e9cada de los 50. Hoy, somos l\u00edderes en la industria molinera, reconocidos por nuestras marcas emblem\u00e1ticas como Los Gallos y Noroeste.<\/p>\t\t\t\t\t\t\t\t<\/div>\n\t\t\t\t<\/div>\n\t\t\t\t<div class=\"elementor-element elementor-element-f46d11f elementor-align-left elementor-mobile-align-center elementor-widget elementor-widget-text_button\" data-id=\"f46d11f\" data-element_type=\"widget\" data-widget_type=\"text_button.default\">\n\t\t\t\t<div class=\"elementor-widget-container\">\n\t\t\t\t\t<div class=\"etheme-button-wrapper\"><a href=\"\/index.php\/contacto\/\" class=\"fill-bottom has-fill etheme-text-button elementor-button\" role=\"button\">\r\n        <span class=\"elementor-button-content-wrapper\">\r\n                        <span class=\"elementor-button-icon animation-background_ltr\">\r\n                <i aria-hidden=\"true\" class=\"et-icon et-phone-call\"><\/i>            <\/span>\r\n        \r\n\t\t\t<span class=\"elementor-button-text\">\u00a1Contactar asesor!<\/span>\r\n\r\n            \r\n            \r\n        <\/span><\/a><\/div>\t\t\t\t<\/div>\n\t\t\t\t<\/div>\n\t\t\t\t\t<\/div>\n\t\t<\/div>\n\t\t\t\t\t<\/div>\n\t\t<\/section>\n\t\t\t\t<\/div>\n\t\t","protected":false},"excerpt":{"rendered":"<p>Industrial Soluciones que potencian tu producci\u00f3n Soluciones a Medida para la Industria En Molinos GEMSO, entendemos que cada industria tiene sus particularidades y desaf\u00edos \u00fanicos&#8230;.<\/p>\n","protected":false},"author":1,"featured_media":0,"parent":0,"menu_order":0,"comment_status":"closed","ping_status":"closed","template":"","meta":{"_joinchat":[],"footnotes":""},"class_list":["post-5699","page","type-page","status-publish","hentry"],"_links":{"self":[{"href":"https:\/\/molinosgemso.com\/index.php\/wp-json\/wp\/v2\/pages\/5699"}],"collection":[{"href":"https:\/\/molinosgemso.com\/index.php\/wp-json\/wp\/v2\/pages"}],"about":[{"href":"https:\/\/molinosgemso.com\/index.php\/wp-json\/wp\/v2\/types\/page"}],"author":[{"embeddable":true,"href":"https:\/\/molinosgemso.com\/index.php\/wp-json\/wp\/v2\/users\/1"}],"replies":[{"embeddable":true,"href":"https:\/\/molinosgemso.com\/index.php\/wp-json\/wp\/v2\/comments?post=5699"}],"version-history":[{"count":41,"href":"https:\/\/molinosgemso.com\/index.php\/wp-json\/wp\/v2\/pages\/5699\/revisions"}],"predecessor-version":[{"id":7703,"href":"https:\/\/molinosgemso.com\/index.php\/wp-json\/wp\/v2\/pages\/5699\/revisions\/7703"}],"wp:attachment":[{"href":"https:\/\/molinosgemso.com\/index.php\/wp-json\/wp\/v2\/media?parent=5699"}],"curies":[{"name":"wp","href":"https:\/\/api.w.org\/{rel}","templated":true}]}}